{"id":4021,"date":"2023-02-01T23:14:36","date_gmt":"2023-02-01T23:14:36","guid":{"rendered":"https:\/\/uptrade.ge\/?page_id=4021"},"modified":"2023-02-05T01:08:56","modified_gmt":"2023-02-05T01:08:56","slug":"skailaiti","status":"publish","type":"page","link":"https:\/\/uptrade.ge\/tr\/skailaiti\/","title":{"rendered":"I\u015f\u0131kl\u0131k"},"content":{"rendered":"<div data-elementor-type=\"wp-page\" data-elementor-id=\"4021\" class=\"elementor elementor-4021\">\n\t\t\t\t\t\t\t\t\t<section class=\"elementor-section elementor-top-section elementor-element elementor-element-939d867 elementor-section-boxed elementor-section-height-default elementor-section-height-default\" data-id=\"939d867\" data-element_type=\"section\">\r\n\t\t\t\t\t\t\t\t<div class=\"elementor-container elementor-column-gap-default\">\r\n\t\t\t\t\r\n\t\t\t\t\t\t\t\t<div class=\"elementor-column elementor-col-100 elementor-top-column elementor-element elementor-element-8d8636f\" data-id=\"8d8636f\" data-element_type=\"column\">\r\n\r\n\t\t\t\t\r\n\t\t\t\t<div class=\"elementor-widget-wrap elementor-element-populated\">\r\n\t\t\t\t\t\t\t\t\t\t\r\n\t\t\t\t\t\t<div class=\"elementor-element elementor-element-e7eb9a2 elementor-widget elementor-widget-udesign_widget_portfolios\" data-id=\"e7eb9a2\" data-element_type=\"widget\" data-widget_type=\"udesign_widget_portfolios.default\">\n\t\t\t\t<div class=\"elementor-widget-container\">\n\t\t\t<div class=\"posts portfolios  row cols-lg-4 cols-md-3 cols-sm-2 cols-2 cols-xl-4 gallery-popup-container posts portfolios row cols-lg-4 cols-md-3 cols-sm-2 cols-2 cols-xl-4\" data-post-type=\"card\">\r\n<div class=\"post-wrap\" data-post-image=\"medium_large\">\r\n\r\n\t\r\n\t<article class=\"post-4041 udesign_portfolio type-udesign_portfolio status-publish has-post-thumbnail hentry udesign_portfolio_category-skailaiti rollover-container post  portfolio-card\">\r\n\t\t\t\t\t<figure class=\"post-media\">\r\n\t\t\t\t<img decoding=\"async\" width=\"768\" height=\"1200\" src=\"https:\/\/uptrade.ge\/wp-content\/uploads\/2023\/02\/RSC40-1-768x1200.jpg\" class=\"attachment-medium_large size-medium_large wp-post-image\" alt=\"\" srcset=\"https:\/\/uptrade.ge\/wp-content\/uploads\/2023\/02\/RSC40-1-768x1200.jpg 768w, https:\/\/uptrade.ge\/wp-content\/uploads\/2023\/02\/RSC40-1-655x1024.jpg 655w\" sizes=\"(max-width: 768px) 100vw, 768px\" \/><div class=\"rollover\"><a href=\"https:\/\/uptrade.ge\/tr\/portfolio\/rsc40\/\" aria-label=\"Visit\"><\/a><div class=\"rollover-content\"><a href=\"https:\/\/uptrade.ge\/wp-content\/uploads\/2023\/02\/RSC40-1-scaled.jpg\" class=\"rollover-button rollover-gallery gallery-popup-item\" aria-label=\"Quick View\"><\/a><a class=\"rollover-button rollover-visit\" href=\"https:\/\/uptrade.ge\/tr\/portfolio\/rsc40\/\" aria-label=\"Visit\"><\/a><a href=\"https:\/\/uptrade.ge\/tr\/portfolio\/rsc40\/\" class=\"rollover-link-wrapper\" aria-label=\"Rollover Link\"><\/a><\/div><\/div>\t\t\t<\/figure>\r\n\t\t\t<div class=\"post-details\">\r\n\t<div class=\"post-cats\"><a href=\"https:\/\/uptrade.ge\/tr\/portfolio_cat\/skailaiti\/\" rel=\"tag\">I\u015f\u0131kl\u0131k<\/a><\/div><h3 class=\"post-title\">\r\n\t<a href=\"https:\/\/uptrade.ge\/tr\/portfolio\/rsc40\/\">\r\n\t\tRSC40\t<\/a>\r\n<\/h3>\r\n<\/div>\r\n\t<\/article>\r\n\r\n\t\r\n<\/div>\r\n\r\n\r\n<div class=\"post-wrap\" data-post-image=\"medium_large\">\r\n\r\n\t\r\n\t<article class=\"post-4045 udesign_portfolio type-udesign_portfolio status-publish has-post-thumbnail hentry udesign_portfolio_category-skailaiti rollover-container post  portfolio-card\">\r\n\t\t\t\t\t<figure class=\"post-media\">\r\n\t\t\t\t<img decoding=\"async\" width=\"768\" height=\"1112\" src=\"https:\/\/uptrade.ge\/wp-content\/uploads\/2023\/02\/RSK50-1-768x1112.jpg\" class=\"attachment-medium_large size-medium_large wp-post-image\" alt=\"\" srcset=\"https:\/\/uptrade.ge\/wp-content\/uploads\/2023\/02\/RSK50-1-768x1112.jpg 768w, https:\/\/uptrade.ge\/wp-content\/uploads\/2023\/02\/RSK50-1-707x1024.jpg 707w\" sizes=\"(max-width: 768px) 100vw, 768px\" \/><div class=\"rollover\"><a href=\"https:\/\/uptrade.ge\/tr\/portfolio\/rsk50\/\" aria-label=\"Visit\"><\/a><div class=\"rollover-content\"><a href=\"https:\/\/uptrade.ge\/wp-content\/uploads\/2023\/02\/RSK50-1-scaled.jpg\" class=\"rollover-button rollover-gallery gallery-popup-item\" aria-label=\"Quick View\"><\/a><a class=\"rollover-button rollover-visit\" href=\"https:\/\/uptrade.ge\/tr\/portfolio\/rsk50\/\" aria-label=\"Visit\"><\/a><a href=\"https:\/\/uptrade.ge\/tr\/portfolio\/rsk50\/\" class=\"rollover-link-wrapper\" aria-label=\"Rollover Link\"><\/a><\/div><\/div>\t\t\t<\/figure>\r\n\t\t\t<div class=\"post-details\">\r\n\t<div class=\"post-cats\"><a href=\"https:\/\/uptrade.ge\/tr\/portfolio_cat\/skailaiti\/\" rel=\"tag\">I\u015f\u0131kl\u0131k<\/a><\/div><h3 class=\"post-title\">\r\n\t<a href=\"https:\/\/uptrade.ge\/tr\/portfolio\/rsk50\/\">\r\n\t\tRSK50\t<\/a>\r\n<\/h3>\r\n<\/div>\r\n\t<\/article>\r\n\r\n\t\r\n<\/div>\r\n\r\n\r\n<div class=\"post-wrap\" data-post-image=\"medium_large\">\r\n\r\n\t\r\n\t<article class=\"post-4049 udesign_portfolio type-udesign_portfolio status-publish has-post-thumbnail hentry udesign_portfolio_category-skailaiti rollover-container post  portfolio-card\">\r\n\t\t\t\t\t<figure class=\"post-media\">\r\n\t\t\t\t<img decoding=\"async\" width=\"768\" height=\"1145\" src=\"https:\/\/uptrade.ge\/wp-content\/uploads\/2023\/02\/RSS-1-768x1145.jpg\" class=\"attachment-medium_large size-medium_large wp-post-image\" alt=\"\" srcset=\"https:\/\/uptrade.ge\/wp-content\/uploads\/2023\/02\/RSS-1-768x1145.jpg 768w, https:\/\/uptrade.ge\/wp-content\/uploads\/2023\/02\/RSS-1-687x1024.jpg 687w\" sizes=\"(max-width: 768px) 100vw, 768px\" \/><div class=\"rollover\"><a href=\"https:\/\/uptrade.ge\/tr\/portfolio\/rss-2\/\" aria-label=\"Visit\"><\/a><div class=\"rollover-content\"><a href=\"https:\/\/uptrade.ge\/wp-content\/uploads\/2023\/02\/RSS-1-scaled.jpg\" class=\"rollover-button rollover-gallery gallery-popup-item\" aria-label=\"Quick View\"><\/a><a class=\"rollover-button rollover-visit\" href=\"https:\/\/uptrade.ge\/tr\/portfolio\/rss-2\/\" aria-label=\"Visit\"><\/a><a href=\"https:\/\/uptrade.ge\/tr\/portfolio\/rss-2\/\" class=\"rollover-link-wrapper\" aria-label=\"Rollover Link\"><\/a><\/div><\/div>\t\t\t<\/figure>\r\n\t\t\t<div class=\"post-details\">\r\n\t<div class=\"post-cats\"><a href=\"https:\/\/uptrade.ge\/tr\/portfolio_cat\/skailaiti\/\" rel=\"tag\">I\u015f\u0131kl\u0131k<\/a><\/div><h3 class=\"post-title\">\r\n\t<a href=\"https:\/\/uptrade.ge\/tr\/portfolio\/rss-2\/\">\r\n\t\tRSS\t<\/a>\r\n<\/h3>\r\n<\/div>\r\n\t<\/article>\r\n\r\n\t\r\n<\/div>\r\n\r\n\r\n<div class=\"post-wrap\" data-post-image=\"medium_large\">\r\n\r\n\t\r\n\t<article class=\"post-4053 udesign_portfolio type-udesign_portfolio status-publish has-post-thumbnail hentry udesign_portfolio_category-skailaiti rollover-container post  portfolio-card\">\r\n\t\t\t\t\t<figure class=\"post-media\">\r\n\t\t\t\t<img decoding=\"async\" width=\"768\" height=\"1137\" src=\"https:\/\/uptrade.ge\/wp-content\/uploads\/2023\/02\/SKY65-1-768x1137.jpg\" class=\"attachment-medium_large size-medium_large wp-post-image\" alt=\"\" srcset=\"https:\/\/uptrade.ge\/wp-content\/uploads\/2023\/02\/SKY65-1-768x1137.jpg 768w, https:\/\/uptrade.ge\/wp-content\/uploads\/2023\/02\/SKY65-1-692x1024.jpg 692w\" sizes=\"(max-width: 768px) 100vw, 768px\" \/><div class=\"rollover\"><a href=\"https:\/\/uptrade.ge\/tr\/portfolio\/sky65\/\" aria-label=\"Visit\"><\/a><div class=\"rollover-content\"><a href=\"https:\/\/uptrade.ge\/wp-content\/uploads\/2023\/02\/SKY65-1-scaled.jpg\" class=\"rollover-button rollover-gallery gallery-popup-item\" aria-label=\"Quick View\"><\/a><a class=\"rollover-button rollover-visit\" href=\"https:\/\/uptrade.ge\/tr\/portfolio\/sky65\/\" aria-label=\"Visit\"><\/a><a href=\"https:\/\/uptrade.ge\/tr\/portfolio\/sky65\/\" class=\"rollover-link-wrapper\" aria-label=\"Rollover Link\"><\/a><\/div><\/div>\t\t\t<\/figure>\r\n\t\t\t<div class=\"post-details\">\r\n\t<div class=\"post-cats\"><a href=\"https:\/\/uptrade.ge\/tr\/portfolio_cat\/skailaiti\/\" rel=\"tag\">I\u015f\u0131kl\u0131k<\/a><\/div><h3 class=\"post-title\">\r\n\t<a href=\"https:\/\/uptrade.ge\/tr\/portfolio\/sky65\/\">\r\n\t\tSKY65\t<\/a>\r\n<\/h3>\r\n<\/div>\r\n\t<\/article>\r\n\r\n\t\r\n<\/div>\r\n\r\n<\/div>\t\t<\/div>\n\t\t\t\t<\/div>\n\t\t\t\t\t\t<\/div>\r\n\t\t\t\t<\/div>\r\n\t\t\t\t\t\t\t\t<\/div>\r\n\t\t\t<\/section>\r\n\t\t\t\t\t\t\t\t<\/div>","protected":false},"excerpt":{"rendered":"<p>\u10e1\u10e5\u10d0\u10d8\u10da\u10d0\u10d8\u10d7\u10d8 RSC40 \u10e1\u10e5\u10d0\u10d8\u10da\u10d0\u10d8\u10d7\u10d8 RSK50 \u10e1\u10e5\u10d0\u10d8\u10da\u10d0\u10d8\u10d7\u10d8 RSS \u10e1\u10e5\u10d0\u10d8\u10da\u10d0\u10d8\u10d7\u10d8 SKY65<\/p>","protected":false},"author":1,"featured_media":0,"parent":0,"menu_order":0,"comment_status":"closed","ping_status":"closed","template":"","meta":{"footnotes":""},"class_list":["post-4021","page","type-page","status-publish","hentry"],"acf":[],"_links":{"self":[{"href":"https:\/\/uptrade.ge\/tr\/wp-json\/wp\/v2\/pages\/4021","targetHints":{"allow":["GET"]}}],"collection":[{"href":"https:\/\/uptrade.ge\/tr\/wp-json\/wp\/v2\/pages"}],"about":[{"href":"https:\/\/uptrade.ge\/tr\/wp-json\/wp\/v2\/types\/page"}],"author":[{"embeddable":true,"href":"https:\/\/uptrade.ge\/tr\/wp-json\/wp\/v2\/users\/1"}],"replies":[{"embeddable":true,"href":"https:\/\/uptrade.ge\/tr\/wp-json\/wp\/v2\/comments?post=4021"}],"version-history":[{"count":0,"href":"https:\/\/uptrade.ge\/tr\/wp-json\/wp\/v2\/pages\/4021\/revisions"}],"wp:attachment":[{"href":"https:\/\/uptrade.ge\/tr\/wp-json\/wp\/v2\/media?parent=4021"}],"curies":[{"name":"wp","href":"https:\/\/api.w.org\/{rel}","templated":true}]}}