{"id":3680,"date":"2023-01-27T19:22:07","date_gmt":"2023-01-27T19:22:07","guid":{"rendered":"https:\/\/uptrade.ge\/?page_id=3680"},"modified":"2023-03-16T10:08:15","modified_gmt":"2023-03-16T10:08:15","slug":"aluminis-propilebi","status":"publish","type":"page","link":"https:\/\/uptrade.ge\/tr\/aluminis-propilebi\/","title":{"rendered":"Al\u00fcminyum profiller"},"content":{"rendered":"<div data-elementor-type=\"wp-page\" data-elementor-id=\"3680\" class=\"elementor elementor-3680\">\n\t\t\t\t\t\t\t\t\t<section class=\"elementor-section elementor-top-section elementor-element elementor-element-1a26ea7 elementor-section-boxed elementor-section-height-default elementor-section-height-default\" data-id=\"1a26ea7\" data-element_type=\"section\">\r\n\t\t\t\t\t\t\t\t<div class=\"elementor-container elementor-column-gap-default\">\r\n\t\t\t\t\r\n\t\t\t\t\t\t\t\t<div class=\"elementor-column elementor-col-25 elementor-top-column elementor-element elementor-element-f97b089\" data-id=\"f97b089\" data-element_type=\"column\">\r\n\r\n\t\t\t\t\r\n\t\t\t\t<div class=\"elementor-widget-wrap elementor-element-populated\">\r\n\t\t\t\t\t\t\t\t\t\t\r\n\t\t\t\t\t\t<div class=\"elementor-element elementor-element-7164172 elementor-widget elementor-widget-udesign_widget_imagebox\" data-id=\"7164172\" data-element_type=\"widget\" data-widget_type=\"udesign_widget_imagebox.default\">\n\t\t\t\t<div class=\"elementor-widget-container\">\n\t\t\t<div class=\"image-box position-top overlay-zoom\"><a href=\"https:\/\/uptrade.ge\/tr\/moajiri\/\"><figure><img decoding=\"async\" width=\"188\" height=\"280\" src=\"https:\/\/uptrade.ge\/wp-content\/uploads\/2023\/02\/moajiri-2.jpg\" class=\"attachment-full size-full wp-image-4270\" alt=\"\" \/><\/figure><\/a><div class=\"image-box-content\"><h3 class=\"title\"><a href=\"https:\/\/uptrade.ge\/tr\/moajiri\/\">Korkuluk<\/a><\/h3><\/div><\/div>\t\t<\/div>\n\t\t\t\t<\/div>\n\t\t\t\t\t\t<\/div>\r\n\t\t\t\t<\/div>\r\n\t\t\t\t\t\t\t\t\t<div class=\"elementor-column elementor-col-25 elementor-top-column elementor-element elementor-element-7d4ab11\" data-id=\"7d4ab11\" data-element_type=\"column\">\r\n\r\n\t\t\t\t\r\n\t\t\t\t<div class=\"elementor-widget-wrap elementor-element-populated\">\r\n\t\t\t\t\t\t\t\t\t\t\r\n\t\t\t\t\t\t<div class=\"elementor-element elementor-element-c01a7b6 elementor-widget elementor-widget-udesign_widget_imagebox\" data-id=\"c01a7b6\" data-element_type=\"widget\" data-widget_type=\"udesign_widget_imagebox.default\">\n\t\t\t\t<div class=\"elementor-widget-container\">\n\t\t\t<div class=\"image-box position-top overlay-zoom\"><a href=\"https:\/\/uptrade.ge\/tr\/sapasade-sistema\/\"><figure><img decoding=\"async\" width=\"186\" height=\"280\" src=\"https:\/\/uptrade.ge\/wp-content\/uploads\/2023\/02\/fasadi.png\" class=\"attachment-full size-full wp-image-3999\" alt=\"\" \/><\/figure><\/a><div class=\"image-box-content\"><h3 class=\"title\"><a href=\"https:\/\/uptrade.ge\/tr\/sapasade-sistema\/\">\u00d6deme sistemi<\/a><\/h3><\/div><\/div>\t\t<\/div>\n\t\t\t\t<\/div>\n\t\t\t\t\t\t<\/div>\r\n\t\t\t\t<\/div>\r\n\t\t\t\t\t\t\t\t\t<div class=\"elementor-column elementor-col-25 elementor-top-column elementor-element elementor-element-b285433\" data-id=\"b285433\" data-element_type=\"column\">\r\n\r\n\t\t\t\t\r\n\t\t\t\t<div class=\"elementor-widget-wrap elementor-element-populated\">\r\n\t\t\t\t\t\t\t\t\t\t\r\n\t\t\t\t\t\t<div class=\"elementor-element elementor-element-cd6fe8b elementor-widget elementor-widget-udesign_widget_imagebox\" data-id=\"cd6fe8b\" data-element_type=\"widget\" data-widget_type=\"udesign_widget_imagebox.default\">\n\t\t\t\t<div class=\"elementor-widget-container\">\n\t\t\t<div class=\"image-box position-top overlay-zoom\"><a href=\"https:\/\/uptrade.ge\/tr\/kar-panjris-sistemebi\/\"><figure><img decoding=\"async\" width=\"188\" height=\"280\" src=\"https:\/\/uptrade.ge\/wp-content\/uploads\/2023\/02\/kar-fabjris-sistema.jpg\" class=\"attachment-full size-full wp-image-3997\" alt=\"\" \/><\/figure><\/a><div class=\"image-box-content\"><h3 class=\"title\"><a href=\"https:\/\/uptrade.ge\/tr\/kar-panjris-sistemebi\/\">Kap\u0131-pencere sistemi<\/a><\/h3><\/div><\/div>\t\t<\/div>\n\t\t\t\t<\/div>\n\t\t\t\t\t\t<\/div>\r\n\t\t\t\t<\/div>\r\n\t\t\t\t\t\t\t\t\t<div class=\"elementor-column elementor-col-25 elementor-top-column elementor-element elementor-element-ecf5d53\" data-id=\"ecf5d53\" data-element_type=\"column\">\r\n\r\n\t\t\t\t\r\n\t\t\t\t<div class=\"elementor-widget-wrap elementor-element-populated\">\r\n\t\t\t\t\t\t\t\t\t\t\r\n\t\t\t\t\t\t<div class=\"elementor-element elementor-element-faf0392 elementor-widget elementor-widget-udesign_widget_imagebox\" data-id=\"faf0392\" data-element_type=\"widget\" data-widget_type=\"udesign_widget_imagebox.default\">\n\t\t\t\t<div class=\"elementor-widget-container\">\n\t\t\t<div class=\"image-box position-top overlay-zoom\"><a href=\"https:\/\/uptrade.ge\/tr\/slaiduri-sistema\/\"><figure><img decoding=\"async\" width=\"186\" height=\"280\" src=\"https:\/\/uptrade.ge\/wp-content\/uploads\/2023\/02\/slaiduri-sistema.jpg\" class=\"attachment-full size-full wp-image-3998\" alt=\"\" \/><\/figure><\/a><div class=\"image-box-content\"><h3 class=\"title\"><a href=\"https:\/\/uptrade.ge\/tr\/slaiduri-sistema\/\">Kayd\u0131rak sistemi<\/a><\/h3><\/div><\/div>\t\t<\/div>\n\t\t\t\t<\/div>\n\t\t\t\t\t\t<\/div>\r\n\t\t\t\t<\/div>\r\n\t\t\t\t\t\t\t\t<\/div>\r\n\t\t\t<\/section>\r\n\t\t\t\t\t<section class=\"elementor-section elementor-top-section elementor-element elementor-element-d647584 elementor-section-boxed elementor-section-height-default elementor-section-height-default\" data-id=\"d647584\" data-element_type=\"section\">\r\n\t\t\t\t\t\t\t\t<div class=\"elementor-container elementor-column-gap-default\">\r\n\t\t\t\t\r\n\t\t\t\t\t\t\t\t<div class=\"elementor-column elementor-col-25 elementor-top-column elementor-element elementor-element-d3fc087\" data-id=\"d3fc087\" data-element_type=\"column\">\r\n\r\n\t\t\t\t\r\n\t\t\t\t<div class=\"elementor-widget-wrap elementor-element-populated\">\r\n\t\t\t\t\t\t\t\t\t\t\r\n\t\t\t\t\t\t<div class=\"elementor-element elementor-element-d3fb0ba elementor-widget elementor-widget-udesign_widget_imagebox\" data-id=\"d3fb0ba\" data-element_type=\"widget\" data-widget_type=\"udesign_widget_imagebox.default\">\n\t\t\t\t<div class=\"elementor-widget-container\">\n\t\t\t<div class=\"image-box position-top overlay-zoom\"><a href=\"https:\/\/uptrade.ge\/tr\/saopise-sistemebi\/\"><figure><img decoding=\"async\" width=\"189\" height=\"280\" src=\"https:\/\/uptrade.ge\/wp-content\/uploads\/2023\/02\/saofise-sistema.jpg\" class=\"attachment-full size-full wp-image-3996\" alt=\"\" \/><\/figure><\/a><div class=\"image-box-content\"><h3 class=\"title\"><a href=\"https:\/\/uptrade.ge\/tr\/saopise-sistemebi\/\">Ofis sistemi<\/a><\/h3><\/div><\/div>\t\t<\/div>\n\t\t\t\t<\/div>\n\t\t\t\t\t\t<\/div>\r\n\t\t\t\t<\/div>\r\n\t\t\t\t\t\t\t\t\t<div class=\"elementor-column elementor-col-25 elementor-top-column elementor-element elementor-element-35b0906\" data-id=\"35b0906\" data-element_type=\"column\">\r\n\r\n\t\t\t\t\r\n\t\t\t\t<div class=\"elementor-widget-wrap elementor-element-populated\">\r\n\t\t\t\t\t\t\t\t\t\t\r\n\t\t\t\t\t\t<div class=\"elementor-element elementor-element-02bf8bc elementor-widget elementor-widget-udesign_widget_imagebox\" data-id=\"02bf8bc\" data-element_type=\"widget\" data-widget_type=\"udesign_widget_imagebox.default\">\n\t\t\t\t<div class=\"elementor-widget-container\">\n\t\t\t<div class=\"image-box position-top overlay-zoom\"><a href=\"https:\/\/uptrade.ge\/tr\/skailaiti\/\"><figure><img decoding=\"async\" width=\"188\" height=\"280\" src=\"https:\/\/uptrade.ge\/wp-content\/uploads\/2023\/02\/sqailiti.jpg\" class=\"attachment-full size-full wp-image-4000\" alt=\"\" \/><\/figure><\/a><div class=\"image-box-content\"><h3 class=\"title\"><a href=\"https:\/\/uptrade.ge\/tr\/skailaiti\/\">I\u015f\u0131kl\u0131k <\/a><\/h3><\/div><\/div>\t\t<\/div>\n\t\t\t\t<\/div>\n\t\t\t\t\t\t<\/div>\r\n\t\t\t\t<\/div>\r\n\t\t\t\t\t\t\t\t\t<div class=\"elementor-column elementor-col-25 elementor-top-column elementor-element elementor-element-7871089\" data-id=\"7871089\" data-element_type=\"column\">\r\n\r\n\t\t\t\t\r\n\t\t\t\t<div class=\"elementor-widget-wrap elementor-element-populated\">\r\n\t\t\t\t\t\t\t\t\t\t\r\n\t\t\t\t\t\t<div class=\"elementor-element elementor-element-94d6e12 elementor-widget elementor-widget-udesign_widget_imagebox\" data-id=\"94d6e12\" data-element_type=\"widget\" data-widget_type=\"udesign_widget_imagebox.default\">\n\t\t\t\t<div class=\"elementor-widget-container\">\n\t\t\t<div class=\"image-box position-top overlay-zoom\"><a href=\"https:\/\/uptrade.ge\/tr\/granitis-saopise-sistemebi\/\"><figure><img decoding=\"async\" width=\"188\" height=\"280\" src=\"https:\/\/uptrade.ge\/wp-content\/uploads\/2023\/02\/graniti.jpg\" class=\"attachment-full size-full wp-image-4001\" alt=\"\" \/><\/figure><\/a><div class=\"image-box-content\"><h3 class=\"title\"><a href=\"https:\/\/uptrade.ge\/tr\/granitis-saopise-sistemebi\/\">Granit cephe sistemi<\/a><\/h3><\/div><\/div>\t\t<\/div>\n\t\t\t\t<\/div>\n\t\t\t\t\t\t<\/div>\r\n\t\t\t\t<\/div>\r\n\t\t\t\t\t\t\t\t\t<div class=\"elementor-column elementor-col-25 elementor-top-column elementor-element elementor-element-e1f534f\" data-id=\"e1f534f\" data-element_type=\"column\">\r\n\r\n\t\t\t\t\r\n\t\t\t\t<div class=\"elementor-widget-wrap\">\r\n\t\t\t\t\t\t\t\t\t\t\r\n\t\t\t\t\t\t\t\t<\/div>\r\n\t\t\t\t<\/div>\r\n\t\t\t\t\t\t\t\t<\/div>\r\n\t\t\t<\/section>\r\n\t\t\t\t\t\t\t\t<\/div>","protected":false},"excerpt":{"rendered":"<p>\u10db\u10dd\u10d0\u10ef\u10d8\u10e0\u10d8 \u10e1\u10d0\u10e4\u10d0\u10e1\u10d0\u10d3\u10d4 \u10e1\u10d8\u10e1\u10e2\u10d4\u10db\u10d0 \u10d9\u10d0\u10e0-\u10e4\u10d0\u10dc\u10ef\u10e0\u10d8\u10e1 \u10e1\u10d8\u10e1\u10e2\u10d4\u10db\u10d0 \u10e1\u10da\u10d0\u10d8\u10d3\u10e3\u10e0\u10d8 \u10e1\u10d8\u10e1\u10e2\u10d4\u10db\u10d0 \u10e1\u10d0\u10dd\u10e4\u10d8\u10e1\u10d4 \u10e1\u10d8\u10e1\u10e2\u10d4\u10db\u10d0 \u10e1\u10e5\u10d0\u10d8\u10da\u10d0\u10d8\u10d7\u10d8 \u10d2\u10e0\u10d0\u10dc\u10d8\u10e2\u10d8\u10e1 \u10e1\u10d0\u10e4\u10d0\u10e1\u10d0\u10d3\u10d4 \u10e1\u10d8\u10e1\u10e2\u10d4\u10db\u10d0<\/p>","protected":false},"author":1,"featured_media":0,"parent":0,"menu_order":0,"comment_status":"closed","ping_status":"closed","template":"","meta":{"footnotes":""},"class_list":["post-3680","page","type-page","status-publish","hentry"],"acf":[],"_links":{"self":[{"href":"https:\/\/uptrade.ge\/tr\/wp-json\/wp\/v2\/pages\/3680","targetHints":{"allow":["GET"]}}],"collection":[{"href":"https:\/\/uptrade.ge\/tr\/wp-json\/wp\/v2\/pages"}],"about":[{"href":"https:\/\/uptrade.ge\/tr\/wp-json\/wp\/v2\/types\/page"}],"author":[{"embeddable":true,"href":"https:\/\/uptrade.ge\/tr\/wp-json\/wp\/v2\/users\/1"}],"replies":[{"embeddable":true,"href":"https:\/\/uptrade.ge\/tr\/wp-json\/wp\/v2\/comments?post=3680"}],"version-history":[{"count":3,"href":"https:\/\/uptrade.ge\/tr\/wp-json\/wp\/v2\/pages\/3680\/revisions"}],"predecessor-version":[{"id":4538,"href":"https:\/\/uptrade.ge\/tr\/wp-json\/wp\/v2\/pages\/3680\/revisions\/4538"}],"wp:attachment":[{"href":"https:\/\/uptrade.ge\/tr\/wp-json\/wp\/v2\/media?parent=3680"}],"curies":[{"name":"wp","href":"https:\/\/api.w.org\/{rel}","templated":true}]}}