{"id":1056,"date":"2021-09-15T04:38:31","date_gmt":"2021-09-15T04:38:31","guid":{"rendered":"https:\/\/d-themes.com\/wordpress\/udesign\/dummy\/build\/?page_id=1056"},"modified":"2023-03-08T18:14:51","modified_gmt":"2023-03-08T18:14:51","slug":"chvens-shesaxeb","status":"publish","type":"page","link":"https:\/\/uptrade.ge\/tr\/chvens-shesaxeb\/","title":{"rendered":"Hakk\u0131m\u0131zda"},"content":{"rendered":"<div data-elementor-type=\"wp-page\" data-elementor-id=\"1056\" class=\"elementor elementor-1056\">\n\t\t\t\t\t\t\t\t\t<section class=\"elementor-section elementor-top-section elementor-element elementor-element-ec9db52 elementor-section-full_width elementor-section-content-middle elementor-section-height-default elementor-section-height-default\" data-id=\"ec9db52\" data-element_type=\"section\" data-settings=\"{&quot;background_background&quot;:&quot;classic&quot;}\">\r\n\t\t\t\t\t\t\t\t<div class=\"elementor-container elementor-column-gap-no\">\r\n\t\t\t\t\r\n\t\t\t\t\t\t\t<!-- Start .elementor-column -->\r\n\t\t\t<div class=\"elementor-column elementor-col-50 elementor-top-column elementor-element elementor-element-5a1e5ee cs-history-col\" data-id=\"5a1e5ee\" data-element_type=\"column\">\r\n\t\t\t\t\t\t\t\t<!-- Start .elementor-column-wrap(optimize mode => .elementor-widget-wrap) -->\r\n\t\t\t\t<div class=\"elementor-widget-wrap elementor-element-populated\">\r\n\t\t\t\t\t\t\t\t\t\t\t\t\t<!-- Start .slider-container  -->\r\n\t\t\t\t\t<div class=\"w-100\">\r\n\t\t\t\t\t\t\t\t\t\t<!-- Start .slider-wrapper -->\r\n\t\t\t\t\t<div class=\"row cols-lg-1 cols-md-1 cols-sm-1 cols-1 cols-xl-1  gutter-no slider-wrapper\" data-slider-options=\"{&quot;spaceBetween&quot;:0,&quot;pagination&quot;:true,&quot;effect&quot;:&quot;slide&quot;,&quot;slidesPerView&quot;:1,&quot;breakpoints&quot;:{&quot;1200&quot;:{&quot;slidesPerView&quot;:1},&quot;1025&quot;:{&quot;slidesPerView&quot;:1},&quot;768&quot;:{&quot;slidesPerView&quot;:1},&quot;576&quot;:{&quot;slidesPerView&quot;:1},&quot;0&quot;:{&quot;slidesPerView&quot;:1}},&quot;statusClass&quot;:&quot;slider-dots-white&quot;}\">\r\n\t\t\t\t\t\t<div class=\"elementor-element elementor-element-3967d6c h-100 elementor-widget elementor-widget-image\" data-id=\"3967d6c\" data-element_type=\"widget\" data-widget_type=\"image.default\">\n\t\t\t\t<div class=\"elementor-widget-container\">\n\t\t\t<style>\/*! elementor - v3.11.5 - 14-03-2023 *\/\n.elementor-widget-image{text-align:center}.elementor-widget-image a{display:inline-block}.elementor-widget-image a img[src$=\".svg\"]{width:48px}.elementor-widget-image img{vertical-align:middle;display:inline-block}<\/style>\t\t\t\t\t\t\t\t\t\t\t\t<img decoding=\"async\" width=\"2560\" height=\"1707\" src=\"https:\/\/uptrade.ge\/wp-content\/uploads\/2023\/01\/326764807_1186076868937226_161498380476637858_n-scaled.jpg\" class=\"attachment-full size-full wp-image-3458\" alt=\"\" srcset=\"https:\/\/uptrade.ge\/wp-content\/uploads\/2023\/01\/326764807_1186076868937226_161498380476637858_n-scaled.jpg 2560w, https:\/\/uptrade.ge\/wp-content\/uploads\/2023\/01\/326764807_1186076868937226_161498380476637858_n-1024x683.jpg 1024w, https:\/\/uptrade.ge\/wp-content\/uploads\/2023\/01\/326764807_1186076868937226_161498380476637858_n-768x512.jpg 768w, https:\/\/uptrade.ge\/wp-content\/uploads\/2023\/01\/326764807_1186076868937226_161498380476637858_n-1536x1024.jpg 1536w, https:\/\/uptrade.ge\/wp-content\/uploads\/2023\/01\/326764807_1186076868937226_161498380476637858_n-2048x1365.jpg 2048w\" sizes=\"(max-width: 2560px) 100vw, 2560px\" \/>\t\t\t\t\t\t\t\t\t\t\t\t\t\t\t<\/div>\n\t\t\t\t<\/div>\n\t\t\t\t\t\t\t<\/div><!-- End .slider-wrapper -->\r\n\t\t\t\t\t<\/div><!-- End .slider-container -->\r\n\t\t\t\t\t\r\n\t\t\t\t\t\t\t\t<\/div> <!-- End optimize => .elementor-widget-wrap -->\r\n\t\t\t\t<\/div>\r\n\t\t\t\t<!-- End .elementor-column -->\r\n\t\t\t\t\t\t\t\t\t<div class=\"elementor-column elementor-col-50 elementor-top-column elementor-element elementor-element-010b6b6\" data-id=\"010b6b6\" data-element_type=\"column\">\r\n\r\n\t\t\t\t\r\n\t\t\t\t<div class=\"elementor-widget-wrap elementor-element-populated\">\r\n\t\t\t\t\t\t\t\t\t\t\r\n\t\t\t\t\t\t<div class=\"elementor-element elementor-element-6b86ad2 elementor-widget elementor-widget-heading\" data-id=\"6b86ad2\" data-element_type=\"widget\" data-widget_type=\"heading.default\">\n\t\t\t\t<div class=\"elementor-widget-container\">\n\t\t\t<style>\/*! elementor - v3.11.5 - 14-03-2023 *\/\n.elementor-heading-title{padding:0;margin:0;line-height:1}.elementor-widget-heading .elementor-heading-title[class*=elementor-size-]>a{color:inherit;font-size:inherit;line-height:inherit}.elementor-widget-heading .elementor-heading-title.elementor-size-small{font-size:15px}.elementor-widget-heading .elementor-heading-title.elementor-size-medium{font-size:19px}.elementor-widget-heading .elementor-heading-title.elementor-size-large{font-size:29px}.elementor-widget-heading .elementor-heading-title.elementor-size-xl{font-size:39px}.elementor-widget-heading .elementor-heading-title.elementor-size-xxl{font-size:59px}<\/style><h2 class=\"elementor-heading-title elementor-size-default\">Hakk\u0131m\u0131zda<\/h2>\t\t<\/div>\n\t\t\t\t<\/div>\n\t\t\t\t<div class=\"elementor-element elementor-element-f35c2f7 elementor-widget elementor-widget-heading\" data-id=\"f35c2f7\" data-element_type=\"widget\" data-widget_type=\"heading.default\">\n\t\t\t\t<div class=\"elementor-widget-container\">\n\t\t\t<h2 class=\"elementor-heading-title elementor-size-default translation-block\">,AFTrade\u201d \u015eirketi al\u00fcminiyum kap\u0131 ve pencerelerinin, kompozitif panellerinin, cephe sistemlerinin ve montaj malzemelerinin Batum ile Tiflis illerinde bulunan G\u00fcrcistan\u2019daki en b\u00fcy\u00fck deposudur. \n,AFTrade\u201d \u015eirketi\u2019nde kullan\u0131c\u0131 ,,ASAS\u201d, SIEGENIA, SOUDAL, BTS gibi lider markal\u0131 \u00fcr\u00fcnleri teslim alma imkan\u0131na sahiptir. \u015eunu belirtmek isteriz, ki ,AFTrade\u201d \u015eirketi\u2018nin resmi temsilcili\u011fi G\u00fcrcistan\u2019da bulunmaktad\u0131r ve yukar\u0131da ad\u0131 ge\u00e7en \u015firket kullan\u0131c\u0131ya en iyi kalite ve fiyatlar teklif etmektedir. \nYukar\u0131da ad\u0131 ge\u00e7en \u015firketin y\u00fcksek kalitesini ihtisasl\u0131 olan ekip taraf\u0131ndan sa\u011flanmaktad\u0131r. ,AFTrade\u201d \u015eirketi her zaman kendi elemanlar\u0131n\u0131n s\u00fcrekli olarak sgeli\u015ftirmeye \u00e7al\u0131\u015fmaktad\u0131r. \u0130\u015fte bunun i\u00e7in kadrolar\u0131n haz\u0131rlanmas\u0131, inovasyonlar\u0131n incelenmesi ve ortak \u015firketleriyle kolaborasyon yoluyla e\u011fitimlerin yap\u0131lmas\u0131 ger\u00e7ekle\u015ftirilmektedir.<\/h2>\t\t<\/div>\n\t\t\t\t<\/div>\n\t\t\t\t\t\t<\/div>\r\n\t\t\t\t<\/div>\r\n\t\t\t\t\t\t\t\t<\/div>\r\n\t\t\t<\/section>\r\n\t\t\t\t\t<div class=\"elementor-section elementor-top-section elementor-element elementor-element-8cb420b elementor-section-boxed elementor-section-height-default elementor-section-height-default\" data-id=\"8cb420b\" data-element_type=\"section\" data-settings=\"{&quot;background_background&quot;:&quot;classic&quot;}\">\r\n\t\t\t\t\t\t\t\t<div class=\"elementor-container elementor-column-gap-default\">\r\n\t\t\t\t\r\n\t\t\t\t\t\t\t\t<div class=\"elementor-column elementor-col-100 elementor-top-column elementor-element elementor-element-c71988f\" data-id=\"c71988f\" data-element_type=\"column\">\r\n\r\n\t\t\t\t\r\n\t\t\t\t<div class=\"elementor-widget-wrap elementor-element-populated\">\r\n\t\t\t\t\t\t\t\t\t\t\r\n\t\t\t\t\t\t<div class=\"elementor-element elementor-element-375d20f cs-testimonial-2 hide-nav-tablet hide-nav-mobile hide-dots-desktop elementor-invisible elementor-widget elementor-widget-udesign_widget_testimonial_group\" data-id=\"375d20f\" data-element_type=\"widget\" data-settings=\"{&quot;_animation&quot;:&quot;fadeIn&quot;,&quot;_animation_delay&quot;:300}\" data-widget_type=\"udesign_widget_testimonial_group.default\">\n\t\t\t\t<div class=\"elementor-widget-container\">\n\t\t\t<div  data-slider-options=\"{&quot;spaceBetween&quot;:30,&quot;navigation&quot;:true,&quot;pagination&quot;:true,&quot;effect&quot;:&quot;slide&quot;,&quot;slidesPerView&quot;:1,&quot;breakpoints&quot;:{&quot;1025&quot;:{&quot;slidesPerView&quot;:1},&quot;768&quot;:{&quot;slidesPerView&quot;:1},&quot;576&quot;:{&quot;slidesPerView&quot;:1},&quot;0&quot;:{&quot;slidesPerView&quot;:1}},&quot;statusClass&quot;:&quot;slider-dots-default&quot;}\" class=\"testimonial-group  row cols-lg-1 cols-md-1 cols-sm-1 cols-1 slider-wrapper\"><div class=\"widget-testimonial-wrap\"><blockquote class=\"testimonial testimonial-standard\" data-rating=\"5\"><div class=\"avatar img-avatar\"><img decoding=\"async\" width=\"64\" height=\"52\" src=\"https:\/\/uptrade.ge\/wp-content\/uploads\/2023\/01\/testimonial.png\" class=\"attachment-full size-full wp-image-3730\" alt=\"\" \/><\/div><div class=\"content\"><p class=\"comment\"><span style=\"font-family: bpg-nino-mtavruli-ff, sans-serif; letter-spacing: -0.22px;\">UPTRADE'de stoklar g\u00fcncellenmekte ve s\u00fcrekli olarak yeni modern sistemler eklenmektedir. \u015eirket, yaln\u0131zca kalitesi en y\u00fcksek standartlar\u0131 kar\u015f\u0131layan resmi lisansl\u0131 ortaklarla i\u015fbirli\u011fi yapmaktad\u0131r<\/span><br style=\"font-family: bpg-nino-mtavruli-ff, sans-serif; letter-spacing: -0.22px;\"><\/p><\/div><cite><span class=\"name\">___<\/span><\/cite><\/blockquote><\/div><\/div>\t\t<\/div>\n\t\t\t\t<\/div>\n\t\t\t\t\t\t<\/div>\r\n\t\t\t\t<\/div>\r\n\t\t\t\t\t\t\t\t<\/div>\r\n\t\t\t<\/div>\r\n\t\t\t\t\t\t\t\t<\/div>","protected":false},"excerpt":{"rendered":"<p>\u10e9\u10d5\u10d4\u10dc\u10e1 \u10e8\u10d4\u10e1\u10d0\u10ee\u10d4\u10d1 \u10d9\u10dd\u10db\u10de\u10d0\u10dc\u10d8\u10d0 ,,\u10d0\u10e4\u10e2\u10e0\u10d4\u10d8\u10d3\u10d8\u201d \u10ec\u10d0\u10e0\u10db\u10dd\u10d0\u10d3\u10d2\u10d4\u10dc\u10e1 \u10d0\u10da\u10e3\u10db\u10d8\u10dc\u10d8\u10e1 \u10d9\u10d0\u10e0-\u10e4\u10d0\u10dc\u10ef\u10e0\u10d4\u10d1\u10d8\u10e1, \u10d9\u10dd\u10db\u10de\u10dd\u10d6\u10d8\u10e2\u10e3\u10e0\u10d8 \u10de\u10d0\u10dc\u10d4\u10da\u10d4\u10d1\u10d8\u10e1, \u10e1\u10d0\u10e4\u10d0\u10e1\u10d0\u10d3\u10d4 \u10e1\u10d8\u10e1\u10e2\u10d4\u10db\u10d4\u10d1\u10d8\u10e1\u10d0 \u10d3\u10d0 \u10e1\u10d0\u10db\u10dd\u10dc\u10e2\u10d0\u10df\u10dd \u10db\u10d0\u10e1\u10d0\u10da\u10d4\u10d1\u10d8\u10e1 \u10e7\u10d5\u10d4\u10da\u10d0\u10d6\u10d4 \u10d3\u10d8\u10d3 \u10e1\u10d0\u10ec\u10e7\u10dd\u10d1\u10e1 \u10e1\u10d0\u10e5\u10d0\u10e0\u10d7\u10d5\u10d4\u10da\u10dd\u10e8\u10d8, \u10e0\u10dd\u10db\u10d4\u10da\u10d8\u10ea \u10db\u10d3\u10d4\u10d1\u10d0\u10e0\u10d4\u10dd\u10d1\u10e1 \u10d1\u10d0\u10d7\u10e3\u10db\u10e1\u10d0 \u10d3\u10d0 \u10d7\u10d1\u10d8\u10da\u10d8\u10e1\u10e8\u10d8. \u10d0\u10e4\u10e2\u10e0\u10d4\u10d8\u10d3\u10e8\u10d8 \u10db\u10dd\u10db\u10ee\u10db\u10d0\u10e0\u10d4\u10d1\u10d4\u10da\u10e1 \u10e8\u10d4\u10e1\u10d0\u10eb\u10da\u10d4\u10d1\u10da\u10dd\u10d1\u10d0 \u10d0\u10e5\u10d5\u10e1 \u10e8\u10d4\u10d8\u10eb\u10d8\u10dc\u10dd\u10e1 \u10d8\u10e1\u10d4\u10d7\u10d8 \u10ec\u10d0\u10db\u10e7\u10d5\u10d0\u10dc\u10d8 \u10d1\u10e0\u10d4\u10dc\u10d3\u10d4\u10d1\u10d8\u10e1 \u10de\u10e0\u10dd\u10d3\u10e3\u10e5\u10ea\u10d8\u10d0, \u10e0\u10dd\u10d2\u10dd\u10e0\u10d4\u10d1\u10d8\u10ea \u10d0\u10e0\u10d8\u10d0\u10dc: ,,ASAS\u201d, SIEGENIA, SOUDAL, BTS \u10d3\u10d0 \u10e1\u10ee\u10d5\u10d0. \u10d0\u10e6\u10e1\u10d0\u10dc\u10d8\u10e8\u10dc\u10d0\u10d5\u10d8\u10d0, \u10e0\u10dd\u10db \u10d0\u10e4\u10e2\u10e0\u10d4\u10d8\u10d3\u10d8 \u10d0\u10e0\u10d8\u10e1 \u10d0\u10e6\u10dc\u10d8\u10e8\u10dc\u10e3\u10da\u10d8 \u10d1\u10e0\u10d4\u10dc\u10d3\u10d4\u10d1\u10d8\u10e1 \u10dd\u10e4\u10d8\u10ea\u10d8\u10d0\u10da\u10e3\u10e0\u10d8 \u10ec\u10d0\u10e0\u10db\u10dd\u10db\u10d0\u10d3\u10d2\u10d4\u10dc\u10d4\u10da\u10d8 \u10e1\u10d0\u10e5\u10d0\u10e0\u10d7\u10d5\u10d4\u10da\u10dd\u10e8 \u10d8 \u10d3\u10d0 \u10db\u10dd\u10db\u10ee\u10db\u10d0\u10e0\u10d4\u10d1\u10d4\u10da\u10e1 \u10e1\u10d7\u10d0\u10d5\u10d0\u10d6\u10dd\u10d1\u10e1 \u10e1\u10d0\u10e3\u10d9\u10d4\u10d7\u10d4\u10e1\u10dd \u10ee\u10d0\u10e0\u10d8\u10e1\u10ee\u10e1\u10d0 [&hellip;]<\/p>","protected":false},"author":1,"featured_media":0,"parent":0,"menu_order":0,"comment_status":"closed","ping_status":"closed","template":"","meta":{"footnotes":""},"class_list":["post-1056","page","type-page","status-publish","hentry"],"acf":[],"_links":{"self":[{"href":"https:\/\/uptrade.ge\/tr\/wp-json\/wp\/v2\/pages\/1056","targetHints":{"allow":["GET"]}}],"collection":[{"href":"https:\/\/uptrade.ge\/tr\/wp-json\/wp\/v2\/pages"}],"about":[{"href":"https:\/\/uptrade.ge\/tr\/wp-json\/wp\/v2\/types\/page"}],"author":[{"embeddable":true,"href":"https:\/\/uptrade.ge\/tr\/wp-json\/wp\/v2\/users\/1"}],"replies":[{"embeddable":true,"href":"https:\/\/uptrade.ge\/tr\/wp-json\/wp\/v2\/comments?post=1056"}],"version-history":[{"count":0,"href":"https:\/\/uptrade.ge\/tr\/wp-json\/wp\/v2\/pages\/1056\/revisions"}],"wp:attachment":[{"href":"https:\/\/uptrade.ge\/tr\/wp-json\/wp\/v2\/media?parent=1056"}],"curies":[{"name":"wp","href":"https:\/\/api.w.org\/{rel}","templated":true}]}}